{"id":709,"date":"2023-08-08T07:57:34","date_gmt":"2023-08-08T07:57:34","guid":{"rendered":"https:\/\/demo.7iquid.tech\/basilico\/coffee\/?page_id=709"},"modified":"2025-07-08T17:27:01","modified_gmt":"2025-07-08T17:27:01","slug":"contact","status":"publish","type":"page","link":"https:\/\/cafeboutiquesoledadhernandez.com\/es\/contact\/","title":{"rendered":"Contacta"},"content":{"rendered":"<div data-elementor-type=\"wp-page\" data-elementor-id=\"709\" class=\"elementor elementor-709\">\n\t\t\t\t        <section class=\"elementor-section elementor-top-section elementor-element elementor-element-057eb74 elementor-section-boxed elementor-section-height-default elementor-section-height-default pxl-section-static-pos-no pxl-section-overflow-hidden-no\" data-id=\"057eb74\" data-element_type=\"section\" data-e-type=\"section\">\n\n                \n                <div class=\"elementor-container elementor-column-gap-default\">\n                <div class=\"elementor-column elementor-col-100 elementor-top-column elementor-element elementor-element-f0631d5 pxl-column-element-default pxl-column-fullwidth-no\" data-id=\"f0631d5\" data-element_type=\"column\" data-e-type=\"column\">\r\n        <div class=\"elementor-widget-wrap elementor-element-populated\">\r\n                    \t\t<div class=\"elementor-element elementor-element-3ecda25 elementor-widget elementor-widget-html\" data-id=\"3ecda25\" data-element_type=\"widget\" data-e-type=\"widget\" data-widget_type=\"html.default\">\n\t\t\t\t<div class=\"elementor-widget-container\">\n\t\t\t\t\t<iframe src=\"https:\/\/www.google.com\/maps\/embed?pb=!1m14!1m8!1m3!1d3426.818113246668!2d-86.94855248717185!3d20.507385193836093!3m2!1i1024!2i768!4f13.1!3m3!1m2!1s0x8f4e590194c4a9a1%3A0x1ba1c13c8dd1321f!2sCafe%20Boutique%20Soledad%20Hernandez!5e0!3m2!1sen!2sus!4v1734812672006!5m2!1sen!2sus\" width=\"600\" height=\"450\" style=\"border:0;\" allowfullscreen=\"\" loading=\"lazy\" referrerpolicy=\"no-referrer-when-downgrade\"><\/iframe>\t\t\t\t<\/div>\n\t\t\t\t<\/div>\n\t\t                    <\/div>\r\n        <\/div>\r\n        \t\t\t<\/div>\n\t\t<\/section>\n\t\t        <section class=\"elementor-section elementor-top-section elementor-element elementor-element-d64bab4 elementor-section-boxed elementor-section-height-default elementor-section-height-default pxl-section-static-pos-no pxl-section-overflow-hidden-no\" data-id=\"d64bab4\" data-element_type=\"section\" data-e-type=\"section\">\n\n                \n                <div class=\"elementor-container elementor-column-gap-default\">\n                <div class=\"elementor-column elementor-col-100 elementor-top-column elementor-element elementor-element-ce3e812 pxl-column-element-default pxl-column-fullwidth-no\" data-id=\"ce3e812\" data-element_type=\"column\" data-e-type=\"column\">\r\n        <div class=\"elementor-widget-wrap elementor-element-populated\">\r\n                    \t\t<div class=\"elementor-element elementor-element-635f744 elementor-widget elementor-widget-spacer\" data-id=\"635f744\" data-element_type=\"widget\" data-e-type=\"widget\" data-widget_type=\"spacer.default\">\n\t\t\t\t<div class=\"elementor-widget-container\">\n\t\t\t\t\t\t\t<div class=\"elementor-spacer\">\n\t\t\t<div class=\"elementor-spacer-inner\"><\/div>\n\t\t<\/div>\n\t\t\t\t\t\t<\/div>\n\t\t\t\t<\/div>\n\t\t                    <\/div>\r\n        <\/div>\r\n        \t\t\t<\/div>\n\t\t<\/section>\n\t\t        <section class=\"elementor-section elementor-top-section elementor-element elementor-element-5812989 elementor-section-boxed elementor-section-height-default elementor-section-height-default pxl-section-static-pos-no pxl-section-overflow-hidden-no\" data-id=\"5812989\" data-element_type=\"section\" data-e-type=\"section\">\n\n                \n                <div class=\"elementor-container elementor-column-gap-default\">\n                <div class=\"elementor-column elementor-col-50 elementor-top-column elementor-element elementor-element-dd7fea9 pxl-column-element-default pxl-column-fullwidth-no\" data-id=\"dd7fea9\" data-element_type=\"column\" data-e-type=\"column\">\r\n        <div class=\"elementor-widget-wrap elementor-element-populated\">\r\n                    \t\t<div class=\"elementor-element elementor-element-8a379d5 pxl-heading-layout-1 elementor-widget elementor-widget-pxl_heading\" data-id=\"8a379d5\" data-element_type=\"widget\" data-e-type=\"widget\" data-widget_type=\"pxl_heading.default\">\n\t\t\t\t<div class=\"elementor-widget-container\">\n\t\t\t\t\t<div class=\"pxl-heading-wrap d-flex layout1\">\n    <div class=\"pxl-heading-inner\">\n                        <h2 class=\"heading-title\">\n                        Ubicaci\u00f3n                    <\/h2>\n            <\/div>\n<\/div>\t\t\t\t<\/div>\n\t\t\t\t<\/div>\n\t\t\t\t<div class=\"elementor-element elementor-element-1464881 elementor-widget elementor-widget-pxl_text_editor\" data-id=\"1464881\" data-element_type=\"widget\" data-e-type=\"widget\" data-widget_type=\"pxl_text_editor.default\">\n\t\t\t\t<div class=\"elementor-widget-container\">\n\t\t\t\t\t<div id=\"pxl_text_editor-1464881-1805\" class=\"pxl-text-editor-wrap d-flex\" >\n    <div class=\"pxl-text-editor elementor-clearfix\">\n        <div class=\"et_pb_blurb_container\"><div class=\"et_pb_blurb_description\"><p>As\u00ed se acab\u00f3 el norte del Mercado Municipal el 25 de la Avenida Sur. Estamos entre Ju\u00e1rez y Calle 1, en el lado de este de la carretera. Hay aparcamiento en la calle cerca.<\/p><p>Si usted est\u00e1 caminando desde el Mercado Municipal, camina hacia el norte alrededor de una cuadra y estamos en el lado de la carretera. Sicaminaba de la plaza del pueblo, camina hacia el oriente por Benito Ju\u00e1rez a unas cuadras, gire a la derecha en el 25, y suba a una cuadra de medios.<\/p><\/div><\/div>    <\/div>\n<\/div>\t\t\t\t<\/div>\n\t\t\t\t<\/div>\n\t\t                    <\/div>\r\n        <\/div>\r\n                <div class=\"elementor-column elementor-col-50 elementor-top-column elementor-element elementor-element-b2bc818 pxl-column-element-default pxl-column-fullwidth-no\" data-id=\"b2bc818\" data-element_type=\"column\" data-e-type=\"column\">\r\n        <div class=\"elementor-widget-wrap elementor-element-populated\">\r\n                            <section class=\"elementor-section elementor-inner-section elementor-element elementor-element-9f86a64 elementor-section-full_width elementor-section-height-default elementor-section-height-default pxl-section-offset-none pxl-section-static-pos-no pxl-section-overflow-hidden-no\" data-id=\"9f86a64\" data-element_type=\"section\" data-e-type=\"section\">\n\n                \n                <div class=\"elementor-container elementor-column-gap-no\">\n                <div class=\"elementor-column elementor-col-50 elementor-inner-column elementor-element elementor-element-07b0f4d pxl-column-element-default pxl-column-fullwidth-no\" data-id=\"07b0f4d\" data-element_type=\"column\" data-e-type=\"column\">\r\n        <div class=\"elementor-widget-wrap elementor-element-populated\">\r\n                    \t\t<div class=\"elementor-element elementor-element-f78f096 elementor-view-stacked elementor-shape-square elementor-widget elementor-widget-icon\" data-id=\"f78f096\" data-element_type=\"widget\" data-e-type=\"widget\" data-widget_type=\"icon.default\">\n\t\t\t\t<div class=\"elementor-widget-container\">\n\t\t\t\t\t\t\t<div class=\"elementor-icon-wrapper\">\n\t\t\t<div class=\"elementor-icon\">\n\t\t\t<svg xmlns=\"http:\/\/www.w3.org\/2000\/svg\" height=\"512\" viewbox=\"0 0 50 50\" width=\"512\"><g id=\"Icons\"><path d=\"m25 5a16 16 0 0 0 -16 16 15.86 15.86 0 0 0 4.16 10.76l11.08 12.89a1 1 0 0 0 1.52 0l11.08-12.89a15.86 15.86 0 0 0 4.16-10.76 16 16 0 0 0 -16-16zm10.32 25.46-10.32 12.01-10.32-12a14 14 0 1 1 20.64 0z\"><\/path><path d=\"m25 14a7 7 0 1 0 7 7 7 7 0 0 0 -7-7zm0 12a5 5 0 1 1 5-5 5 5 0 0 1 -5 5z\"><\/path><\/g><\/svg>\t\t\t<\/div>\n\t\t<\/div>\n\t\t\t\t\t\t<\/div>\n\t\t\t\t<\/div>\n\t\t\t\t<div class=\"elementor-element elementor-element-db8154b pxl-heading-layout-1 elementor-widget elementor-widget-pxl_heading\" data-id=\"db8154b\" data-element_type=\"widget\" data-e-type=\"widget\" data-widget_type=\"pxl_heading.default\">\n\t\t\t\t<div class=\"elementor-widget-container\">\n\t\t\t\t\t<div class=\"pxl-heading-wrap d-flex layout1\">\n    <div class=\"pxl-heading-inner\">\n                        <h4 class=\"heading-title\">\n                        DIRECCI\u00d3N                    <\/h4>\n            <\/div>\n<\/div>\t\t\t\t<\/div>\n\t\t\t\t<\/div>\n\t\t\t\t<div class=\"elementor-element elementor-element-7c20b49 elementor-widget elementor-widget-pxl_text_editor\" data-id=\"7c20b49\" data-element_type=\"widget\" data-e-type=\"widget\" data-widget_type=\"pxl_text_editor.default\">\n\t\t\t\t<div class=\"elementor-widget-container\">\n\t\t\t\t\t<div id=\"pxl_text_editor-7c20b49-6827\" class=\"pxl-text-editor-wrap d-flex\" >\n    <div class=\"pxl-text-editor elementor-clearfix\">\n        <p>Ave 25, #65<br \/>Juarez y 1<br \/>San Miguel de Cozumel, Cozumel<\/p>    <\/div>\n<\/div>\t\t\t\t<\/div>\n\t\t\t\t<\/div>\n\t\t                    <\/div>\r\n        <\/div>\r\n                <div class=\"elementor-column elementor-col-50 elementor-inner-column elementor-element elementor-element-922ea72 pxl-column-element-default pxl-column-fullwidth-no\" data-id=\"922ea72\" data-element_type=\"column\" data-e-type=\"column\">\r\n        <div class=\"elementor-widget-wrap\">\r\n                                        <\/div>\r\n        <\/div>\r\n        \t\t\t<\/div>\n\t\t<\/section>\n\t\t        <section class=\"elementor-section elementor-inner-section elementor-element elementor-element-629af76 elementor-section-full_width elementor-section-height-default elementor-section-height-default pxl-section-offset-none pxl-section-static-pos-no pxl-section-overflow-hidden-no\" data-id=\"629af76\" data-element_type=\"section\" data-e-type=\"section\">\n\n                \n                <div class=\"elementor-container elementor-column-gap-no\">\n                <div class=\"elementor-column elementor-col-50 elementor-inner-column elementor-element elementor-element-7a7cbf2 pxl-column-element-default pxl-column-fullwidth-no\" data-id=\"7a7cbf2\" data-element_type=\"column\" data-e-type=\"column\">\r\n        <div class=\"elementor-widget-wrap elementor-element-populated\">\r\n                    \t\t<div class=\"elementor-element elementor-element-cabfa1a elementor-view-stacked elementor-shape-square elementor-widget elementor-widget-icon\" data-id=\"cabfa1a\" data-element_type=\"widget\" data-e-type=\"widget\" data-widget_type=\"icon.default\">\n\t\t\t\t<div class=\"elementor-widget-container\">\n\t\t\t\t\t\t\t<div class=\"elementor-icon-wrapper\">\n\t\t\t<div class=\"elementor-icon\">\n\t\t\t<svg xmlns=\"http:\/\/www.w3.org\/2000\/svg\" height=\"512pt\" viewbox=\"0 0 512.00068 512\" width=\"512pt\"><path d=\"m291.441406 0c-5.523437 0-10 4.476562-10 10s4.476563 10 10 10c110.589844 0 200.558594 89.972656 200.558594 200.558594 0 5.523437 4.480469 10 10 10 5.523438 0 10-4.476563 10-10 0-121.613282-98.941406-220.558594-220.558594-220.558594zm0 0\"><\/path><path d=\"m441.84375 230.5625c5.523438 0 10-4.480469 10-10 0-88.449219-71.957031-160.40625-160.402344-160.40625-5.523437 0-10 4.480469-10 10 0 5.523438 4.476563 10 10 10 77.417969 0 140.402344 62.984375 140.402344 140.40625 0 5.519531 4.476562 10 10 10zm0 0\"><\/path><path d=\"m371.675781 220.5625c0 5.519531 4.476563 10 10 10 5.523438 0 10-4.480469 10-10 0-55.269531-44.964843-100.234375-100.234375-100.234375-5.523437 0-10 4.476563-10 9.996094 0 5.523437 4.476563 10 10 10 44.242188 0 80.234375 35.992187 80.234375 80.238281zm0 0\"><\/path><path d=\"m281.441406 190.484375c0 5.519531 4.476563 9.996094 10 9.996094 11.070313 0 20.078125 9.007812 20.078125 20.082031 0 5.519531 4.476563 10 10 10 5.519531 0 10-4.480469 10-10 0-22.101562-17.980469-40.078125-40.078125-40.078125-5.523437 0-10 4.476563-10 10zm0 0\"><\/path><path d=\"m187.433594 324.679688c0 5.523437-4.476563 10-10 10-5.523438 0-10-4.476563-10-10 0-5.519532 4.476562-10 10-10 5.523437 0 10 4.480468 10 10zm0 0\"><\/path><path d=\"m274.03125 499.859375c45.535156 22.316406 100.316406 13.03125 136.324219-22.976563l20.675781-20.675781c11.226562-11.214843 11.230469-29.382812.003906-40.605469l-79.890625-79.882812c-11.207031-11.222656-29.378906-11.238281-40.597656-.003906l-33.945313 33.949218c-6.648437 6.648438-16.910156 8.003907-24.394531 3.226563-12.203125-7.800781-24.074219-16.402344-35.28125-25.566406-4.277343-3.496094-10.574219-2.863281-14.070312 1.410156-3.496094 4.277344-2.863281 10.578125 1.410156 14.070313 11.808594 9.65625 24.3125 18.71875 37.175781 26.9375 15.332032 9.792968 36.066406 7.296874 49.300782-5.9375l33.953124-33.953126c3.394532-3.398437 8.894532-3.40625 12.304688.003907l79.894531 79.886719c3.402344 3.40625 3.410157 8.914062 0 12.316406l-20.679687 20.683594c-29.996094 29.996093-75.558594 37.695312-113.382813 19.160156-138.566406-67.949219-213.957031-175.691406-252.800781-254.113282-18.582031-37.503906-10.867188-82.894531 19.199219-112.953124l20.226562-20.222657c3.390625-3.398437 8.894531-3.410156 12.300781.003907l79.902344 79.898437c3.382813 3.378906 3.417969 8.886719-.007812 12.304687l-33.945313 33.949219c-13.234375 13.234375-15.730469 33.96875-5.9375 49.304688 5.769531 9.027343 11.988281 17.933593 18.488281 26.46875 3.34375 4.394531 9.617188 5.242187 14.011719 1.898437s5.246094-9.617187 1.898438-14.015625c-6.164063-8.097656-12.070313-16.550781-17.546875-25.117187-4.777344-7.488282-3.421875-17.75 3.226562-24.398438l33.941406-33.941406c11.222657-11.207031 11.234376-29.382812.007813-40.597656l-79.894531-79.890625c-11.203125-11.222657-29.378906-11.238281-40.59375-.003907l-20.21875 20.21875c-36.140625 36.128907-45.375 90.773438-22.980469 135.972657 40.222656 81.199219 118.308594 192.769531 261.921875 263.191406zm0 0\"><\/path><\/svg>\t\t\t<\/div>\n\t\t<\/div>\n\t\t\t\t\t\t<\/div>\n\t\t\t\t<\/div>\n\t\t\t\t<div class=\"elementor-element elementor-element-ade21c3 pxl-heading-layout-1 elementor-widget elementor-widget-pxl_heading\" data-id=\"ade21c3\" data-element_type=\"widget\" data-e-type=\"widget\" data-widget_type=\"pxl_heading.default\">\n\t\t\t\t<div class=\"elementor-widget-container\">\n\t\t\t\t\t<div class=\"pxl-heading-wrap d-flex layout1\">\n    <div class=\"pxl-heading-inner\">\n                        <h4 class=\"heading-title\">\n                        Tel\u00e9fono y WhatsApp                    <\/h4>\n            <\/div>\n<\/div>\t\t\t\t<\/div>\n\t\t\t\t<\/div>\n\t\t\t\t<div class=\"elementor-element elementor-element-765cf42 elementor-widget elementor-widget-pxl_text_editor\" data-id=\"765cf42\" data-element_type=\"widget\" data-e-type=\"widget\" data-widget_type=\"pxl_text_editor.default\">\n\t\t\t\t<div class=\"elementor-widget-container\">\n\t\t\t\t\t<div id=\"pxl_text_editor-765cf42-7260\" class=\"pxl-text-editor-wrap d-flex\" >\n    <div class=\"pxl-text-editor elementor-clearfix\">\n        <p>Tel\u00e9fono: <a href=\"tel:529871135642\">+52 987 113 5642<\/a><br \/>WhatsApp: <a href=\"https:\/\/wa.me\/529871135642\">+52 987 113 5642<\/a><\/p>    <\/div>\n<\/div>\t\t\t\t<\/div>\n\t\t\t\t<\/div>\n\t\t                    <\/div>\r\n        <\/div>\r\n                <div class=\"elementor-column elementor-col-50 elementor-inner-column elementor-element elementor-element-49134d2 pxl-column-element-default pxl-column-fullwidth-no\" data-id=\"49134d2\" data-element_type=\"column\" data-e-type=\"column\">\r\n        <div class=\"elementor-widget-wrap elementor-element-populated\">\r\n                    \t\t<div class=\"elementor-element elementor-element-8ee1916 elementor-view-stacked elementor-shape-square elementor-widget elementor-widget-icon\" data-id=\"8ee1916\" data-element_type=\"widget\" data-e-type=\"widget\" data-widget_type=\"icon.default\">\n\t\t\t\t<div class=\"elementor-widget-container\">\n\t\t\t\t\t\t\t<div class=\"elementor-icon-wrapper\">\n\t\t\t<div class=\"elementor-icon\">\n\t\t\t<svg xmlns=\"http:\/\/www.w3.org\/2000\/svg\" xmlns:xlink=\"http:\/\/www.w3.org\/1999\/xlink\" id=\"Layer_1\" height=\"512\" viewbox=\"0 0 64 64\" width=\"512\"><clippath id=\"SVGID_00000161618103402815611810000005725993423569212069_\"><path id=\"SVGID_1_\" d=\"m0 0h64v64h-64z\"><\/path><\/clippath><g><g><g><g><g clip-path=\"url(#SVGID_00000161618103402815611810000005725993423569212069_)\"><path d=\"m47.288 24.733.261-.151c1.825-1.014 2.481-3.316 1.467-5.141s-3.316-2.481-5.141-1.467c-.036.02-.071.04-.106.061l-.26.15-4.365-7.56c-1.033-1.814-3.341-2.448-5.155-1.415-1.593.907-2.306 2.826-1.691 4.553l-5.19 6.6c-2.358 3.001-5.269 5.523-8.576 7.428l-2.051 1.185-7.222 4.17c-3.133 1.815-4.207 5.823-2.4 8.961l1.392 2.403c.866 1.51 2.3 2.611 3.983 3.057.557.149 1.131.225 1.708.225 1.149-.001 2.277-.305 3.27-.882l1.541-.889 5.06 8.763c.179.31.509.5.867.5.175-.001.348-.046.5-.133l3.008-1.741c1.474-.854 1.979-2.739 1.129-4.215l-4.019-6.953 1.186-.684c3.303-1.912 6.943-3.172 10.721-3.713l8.308-1.2c1.359 1.584 3.745 1.766 5.329.407 1.382-1.185 1.722-3.187.809-4.762zm-2.519-4.965c.851-.491 1.939-.199 2.431.652.489.851.198 1.938-.651 2.431l-.26.15-1.78-3.083zm-28.557 25.412c-2.181 1.259-4.97.512-6.229-1.669l-1.385-2.406c-1.259-2.181-.511-4.969 1.669-6.229l6.351-3.665 5.949 10.3zm11.372 5.02c.299.52.12 1.184-.4 1.483l-2.143 1.237-4.559-7.9 3.082-1.779zm9.338-14.335c-4.03.578-7.912 1.922-11.436 3.961l-1.188.685-5.947-10.3 1.185-.684c3.527-2.033 6.633-4.723 9.148-7.925l4.651-5.912 11.032 19.102zm13.176-1.221c-.254.949-1.229 1.513-2.179 1.258-.456-.122-.846-.421-1.081-.83l-12.509-21.661c-.476-.86-.165-1.943.694-2.42.839-.465 1.895-.181 2.389.641l4.864 8.425 7.644 13.239c.237.407.301.893.178 1.348z\"><\/path><path d=\"m55.485 15.657c-.276-.478-.888-.642-1.366-.366l-2.407 1.39c-.48.273-.648.883-.375 1.364s.883.648 1.364.375c.004-.002.008-.004.011-.007l2.407-1.389c.478-.276.643-.887.367-1.366-.001 0-.001-.001-.001-.001z\"><\/path><path d=\"m48.824 14.258c.085.023.172.035.26.035.452-.001.848-.305.965-.742l.72-2.685c.143-.534-.173-1.082-.707-1.225s-1.082.173-1.225.707l-.72 2.685c-.143.533.173 1.082.707 1.225z\"><\/path><path d=\"m57.273 22.148-2.684-.72c-.534-.143-1.082.173-1.225.707s.173 1.082.707 1.225l2.685.72c.085.023.172.035.26.035.552.001 1.001-.445 1.002-.998.001-.455-.305-.853-.745-.969z\"><\/path><\/g><\/g><\/g><\/g><\/g><\/svg>\t\t\t<\/div>\n\t\t<\/div>\n\t\t\t\t\t\t<\/div>\n\t\t\t\t<\/div>\n\t\t\t\t<div class=\"elementor-element elementor-element-149395a pxl-heading-layout-1 elementor-widget elementor-widget-pxl_heading\" data-id=\"149395a\" data-element_type=\"widget\" data-e-type=\"widget\" data-widget_type=\"pxl_heading.default\">\n\t\t\t\t<div class=\"elementor-widget-container\">\n\t\t\t\t\t<div class=\"pxl-heading-wrap d-flex layout1\">\n    <div class=\"pxl-heading-inner\">\n                        <h4 class=\"heading-title\">\n                        redes sociales                    <\/h4>\n            <\/div>\n<\/div>\t\t\t\t<\/div>\n\t\t\t\t<\/div>\n\t\t\t\t<div class=\"elementor-element elementor-element-777fa31 pxl-social-icons-layout-1 elementor-widget elementor-widget-pxl_social_icons\" data-id=\"777fa31\" data-element_type=\"widget\" data-e-type=\"widget\" data-widget_type=\"pxl_social_icons.default\">\n\t\t\t\t<div class=\"elementor-widget-container\">\n\t\t\t\t\t<div class=\"pxl-social-icons layout-1\">\n\t<a aria-hidden=\"true\" class=\"social-item pxl-icon pxli pxli-facebook-f\" href=\"https:\/\/www.facebook.com\/profile.php?id=61553519492000\"><\/a><svg aria-hidden=\"true\" class=\"social-item pxl-icon e-font-icon-svg e-fab-tripadvisor\" href=\"https:\/\/www.tripadvisor.com\/Restaurant_Review-g13882869-d27099252-Reviews-Cafe_Boutique_Soledad_Hernandez-San_Miguel_de_Cozumel_Cozumel_Yucatan_Peninsul.html?m=69573\" viewbox=\"0 0 576 512\" xmlns=\"http:\/\/www.w3.org\/2000\/svg\"><path d=\"M528.91,178.82,576,127.58H471.66a326.11,326.11,0,0,0-367,0H0l47.09,51.24A143.911,143.911,0,0,0,241.86,390.73L288,440.93l46.11-50.17A143.94,143.94,0,0,0,575.88,285.18h-.03A143.56,143.56,0,0,0,528.91,178.82ZM144.06,382.57a97.39,97.39,0,1,1,97.39-97.39A97.39,97.39,0,0,1,144.06,382.57ZM288,282.37c0-64.09-46.62-119.08-108.09-142.59a281,281,0,0,1,216.17,0C334.61,163.3,288,218.29,288,282.37Zm143.88,100.2h-.01a97.405,97.405,0,1,1,.01,0ZM144.06,234.12h-.01a51.06,51.06,0,1,0,51.06,51.06v-.11A51,51,0,0,0,144.06,234.12Zm287.82,0a51.06,51.06,0,1,0,51.06,51.06A51.06,51.06,0,0,0,431.88,234.12Z\"><\/path><\/svg><svg aria-hidden=\"true\" class=\"social-item pxl-icon e-font-icon-svg e-fab-instagram\" href=\"https:\/\/www.instagram.com\/cafe.boutique.soledad.hdz\/\" viewbox=\"0 0 448 512\" xmlns=\"http:\/\/www.w3.org\/2000\/svg\"><path d=\"M224.1 141c-63.6 0-114.9 51.3-114.9 114.9s51.3 114.9 114.9 114.9S339 319.5 339 255.9 287.7 141 224.1 141zm0 189.6c-41.1 0-74.7-33.5-74.7-74.7s33.5-74.7 74.7-74.7 74.7 33.5 74.7 74.7-33.6 74.7-74.7 74.7zm146.4-194.3c0 14.9-12 26.8-26.8 26.8-14.9 0-26.8-12-26.8-26.8s12-26.8 26.8-26.8 26.8 12 26.8 26.8zm76.1 27.2c-1.7-35.9-9.9-67.7-36.2-93.9-26.2-26.2-58-34.4-93.9-36.2-37-2.1-147.9-2.1-184.9 0-35.8 1.7-67.6 9.9-93.9 36.1s-34.4 58-36.2 93.9c-2.1 37-2.1 147.9 0 184.9 1.7 35.9 9.9 67.7 36.2 93.9s58 34.4 93.9 36.2c37 2.1 147.9 2.1 184.9 0 35.9-1.7 67.7-9.9 93.9-36.2 26.2-26.2 34.4-58 36.2-93.9 2.1-37 2.1-147.8 0-184.8zM398.8 388c-7.8 19.6-22.9 34.7-42.6 42.6-29.5 11.7-99.5 9-132.1 9s-102.7 2.6-132.1-9c-19.6-7.8-34.7-22.9-42.6-42.6-11.7-29.5-9-99.5-9-132.1s-2.6-102.7 9-132.1c7.8-19.6 22.9-34.7 42.6-42.6 29.5-11.7 99.5-9 132.1-9s102.7-2.6 132.1 9c19.6 7.8 34.7 22.9 42.6 42.6 11.7 29.5 9 99.5 9 132.1s2.7 102.7-9 132.1z\"><\/path><\/svg><svg aria-hidden=\"true\" class=\"social-item pxl-icon e-font-icon-svg e-fab-whatsapp\" href=\"https:\/\/wa.me\/529871135642\" viewbox=\"0 0 448 512\" xmlns=\"http:\/\/www.w3.org\/2000\/svg\"><path d=\"M380.9 97.1C339 55.1 283.2 32 223.9 32c-122.4 0-222 99.6-222 222 0 39.1 10.2 77.3 29.6 111L0 480l117.7-30.9c32.4 17.7 68.9 27 106.1 27h.1c122.3 0 224.1-99.6 224.1-222 0-59.3-25.2-115-67.1-157zm-157 341.6c-33.2 0-65.7-8.9-94-25.7l-6.7-4-69.8 18.3L72 359.2l-4.4-7c-18.5-29.4-28.2-63.3-28.2-98.2 0-101.7 82.8-184.5 184.6-184.5 49.3 0 95.6 19.2 130.4 54.1 34.8 34.9 56.2 81.2 56.1 130.5 0 101.8-84.9 184.6-186.6 184.6zm101.2-138.2c-5.5-2.8-32.8-16.2-37.9-18-5.1-1.9-8.8-2.8-12.5 2.8-3.7 5.6-14.3 18-17.6 21.8-3.2 3.7-6.5 4.2-12 1.4-32.6-16.3-54-29.1-75.5-66-5.7-9.8 5.7-9.1 16.3-30.3 1.8-3.7.9-6.9-.5-9.7-1.4-2.8-12.5-30.1-17.1-41.2-4.5-10.8-9.1-9.3-12.5-9.5-3.2-.2-6.9-.2-10.6-.2-3.7 0-9.7 1.4-14.8 6.9-5.1 5.6-19.4 19-19.4 46.3 0 27.3 19.9 53.7 22.6 57.4 2.8 3.7 39.1 59.7 94.8 83.8 35.2 15.2 49 16.5 66.6 13.9 10.7-1.6 32.8-13.4 37.4-26.4 4.6-13 4.6-24.1 3.2-26.4-1.3-2.5-5-3.9-10.5-6.6z\"><\/path><\/svg><\/div>\t\t\t\t<\/div>\n\t\t\t\t<\/div>\n\t\t                    <\/div>\r\n        <\/div>\r\n        \t\t\t<\/div>\n\t\t<\/section>\n\t\t                    <\/div>\r\n        <\/div>\r\n        \t\t\t<\/div>\n\t\t<\/section>\n\t\t        <section class=\"elementor-section elementor-top-section elementor-element elementor-element-021b526 elementor-section-boxed elementor-section-height-default elementor-section-height-default pxl-section-static-pos-no pxl-section-overflow-hidden-no\" data-id=\"021b526\" data-element_type=\"section\" data-e-type=\"section\">\n\n                \n                <div class=\"elementor-container elementor-column-gap-default\">\n                <div class=\"elementor-column elementor-col-100 elementor-top-column elementor-element elementor-element-ed72b0e pxl-column-element-default pxl-column-fullwidth-no\" data-id=\"ed72b0e\" data-element_type=\"column\" data-e-type=\"column\">\r\n        <div class=\"elementor-widget-wrap\">\r\n                                        <\/div>\r\n        <\/div>\r\n        \t\t\t<\/div>\n\t\t<\/section>\n\t\t\t\t<\/div>","protected":false},"excerpt":{"rendered":"<p>Our Location We are easy to find \u2013 just north of the Mercado Municipal on 25 Avenida Sur. We are between Juarez and Calle 1, on the east side of the road. There is street parking close by. If you are walking from the Mercado Municipal, walk north about a block and we are on [&hellip;]<\/p>\n","protected":false},"author":1,"featured_media":0,"parent":0,"menu_order":0,"comment_status":"closed","ping_status":"closed","template":"","meta":{"footnotes":""},"class_list":["post-709","page","type-page","status-publish","hentry"],"_links":{"self":[{"href":"https:\/\/cafeboutiquesoledadhernandez.com\/es\/wp-json\/wp\/v2\/pages\/709","targetHints":{"allow":["GET"]}}],"collection":[{"href":"https:\/\/cafeboutiquesoledadhernandez.com\/es\/wp-json\/wp\/v2\/pages"}],"about":[{"href":"https:\/\/cafeboutiquesoledadhernandez.com\/es\/wp-json\/wp\/v2\/types\/page"}],"author":[{"embeddable":true,"href":"https:\/\/cafeboutiquesoledadhernandez.com\/es\/wp-json\/wp\/v2\/users\/1"}],"replies":[{"embeddable":true,"href":"https:\/\/cafeboutiquesoledadhernandez.com\/es\/wp-json\/wp\/v2\/comments?post=709"}],"version-history":[{"count":25,"href":"https:\/\/cafeboutiquesoledadhernandez.com\/es\/wp-json\/wp\/v2\/pages\/709\/revisions"}],"predecessor-version":[{"id":7683,"href":"https:\/\/cafeboutiquesoledadhernandez.com\/es\/wp-json\/wp\/v2\/pages\/709\/revisions\/7683"}],"wp:attachment":[{"href":"https:\/\/cafeboutiquesoledadhernandez.com\/es\/wp-json\/wp\/v2\/media?parent=709"}],"curies":[{"name":"wp","href":"https:\/\/api.w.org\/{rel}","templated":true}]}}