{"id":7616,"date":"2025-02-07T22:06:30","date_gmt":"2025-02-07T22:06:30","guid":{"rendered":"https:\/\/cafeboutiquesoledadhernandez.com\/?page_id=7616"},"modified":"2025-02-07T22:09:02","modified_gmt":"2025-02-07T22:09:02","slug":"valentines-dinner","status":"publish","type":"page","link":"https:\/\/cafeboutiquesoledadhernandez.com\/es\/valentines-dinner\/","title":{"rendered":"Valentines Dinner"},"content":{"rendered":"<div data-elementor-type=\"wp-page\" data-elementor-id=\"7616\" class=\"elementor elementor-7616\">\n\t\t\t\t        <section class=\"elementor-section elementor-top-section elementor-element elementor-element-d91cf8d elementor-section-boxed elementor-section-height-default elementor-section-height-default pxl-section-static-pos-no pxl-section-overflow-hidden-no\" data-id=\"d91cf8d\" data-element_type=\"section\" data-e-type=\"section\">\n\n                \n                <div class=\"elementor-container elementor-column-gap-default\">\n                <div class=\"elementor-column elementor-col-100 elementor-top-column elementor-element elementor-element-7fdefb2 pxl-column-element-default pxl-column-fullwidth-no\" data-id=\"7fdefb2\" data-element_type=\"column\" data-e-type=\"column\">\r\n        <div class=\"elementor-widget-wrap elementor-element-populated\">\r\n                    \t\t<div class=\"elementor-element elementor-element-113e599 pxl-heading-layout-1 elementor-widget elementor-widget-pxl_heading\" data-id=\"113e599\" data-element_type=\"widget\" data-e-type=\"widget\" data-widget_type=\"pxl_heading.default\">\n\t\t\t\t<div class=\"elementor-widget-container\">\n\t\t\t\t\t<div class=\"pxl-heading-wrap d-flex layout1\">\n    <div class=\"pxl-heading-inner\">\n                        <h3 class=\"heading-title\">\n                        Cena Rom\u00e1ntica - Una Noche de Amor y Amistad                    <\/h3>\n            <\/div>\n<\/div>\t\t\t\t<\/div>\n\t\t\t\t<\/div>\n\t\t                    <\/div>\r\n        <\/div>\r\n        \t\t\t<\/div>\n\t\t<\/section>\n\t\t        <section class=\"elementor-section elementor-top-section elementor-element elementor-element-da85a4d elementor-section-boxed elementor-section-height-default elementor-section-height-default pxl-section-static-pos-no pxl-section-overflow-hidden-no\" data-id=\"da85a4d\" data-element_type=\"section\" data-e-type=\"section\">\n\n                \n                <div class=\"elementor-container elementor-column-gap-default\">\n                <div class=\"elementor-column elementor-col-100 elementor-top-column elementor-element elementor-element-cd4ea94 pxl-column-element-default pxl-column-fullwidth-no\" data-id=\"cd4ea94\" data-element_type=\"column\" data-e-type=\"column\">\r\n        <div class=\"elementor-widget-wrap elementor-element-populated\">\r\n                    \t\t<div class=\"elementor-element elementor-element-89386b2 elementor-widget elementor-widget-pxl_text_editor\" data-id=\"89386b2\" data-element_type=\"widget\" data-e-type=\"widget\" data-widget_type=\"pxl_text_editor.default\">\n\t\t\t\t<div class=\"elementor-widget-container\">\n\t\t\t\t\t<div id=\"pxl_text_editor-89386b2-3319\" class=\"pxl-text-editor-wrap d-flex\" >\n    <div class=\"pxl-text-editor elementor-clearfix\">\n        <p><img fetchpriority=\"high\" decoding=\"async\" class=\"alignright wp-image-7608 size-full\" src=\"https:\/\/cafeboutiquesoledadhernandez.com\/wp-content\/uploads\/2025\/02\/cbsh-valentines-day-special-dinner-01.webp\" alt=\"\" width=\"600\" height=\"896\" srcset=\"https:\/\/cafeboutiquesoledadhernandez.com\/wp-content\/uploads\/2025\/02\/cbsh-valentines-day-special-dinner-01.webp 600w, https:\/\/cafeboutiquesoledadhernandez.com\/wp-content\/uploads\/2025\/02\/cbsh-valentines-day-special-dinner-01-201x300.webp 201w, https:\/\/cafeboutiquesoledadhernandez.com\/wp-content\/uploads\/2025\/02\/cbsh-valentines-day-special-dinner-01-8x12.webp 8w, https:\/\/cafeboutiquesoledadhernandez.com\/wp-content\/uploads\/2025\/02\/cbsh-valentines-day-special-dinner-01-375x560.webp 375w\" sizes=\"(max-width: 600px) 100vw, 600px\" \/>\u00a1\u00danase a nosotros para una inolvidable cena de San Valent\u00edn en Caf\u00e9 Boutique Soledad Hernandez! Celebre el amor y la amistad con una velada elegante de exquisita cocina, entretenimiento en vivo y un ambiente c\u00e1lido y rom\u00e1ntico. <strong>Valentine\u2019s Day Dinner<\/strong> at Caf\u00e9 Boutique Soledad Hernandez! Celebrate love and friendship with an elegant evening of exquisite cuisine, live entertainment, and a warm, romantic ambiance.<\/p><p>\ud83d\udcc5 <strong>Fecha:<\/strong> Viernes 14 de febrero<br \/>\u23f0 <strong>Tiempo:<\/strong> 8:00 PM<br \/>\ud83d\udccd <strong>Ubicaci\u00f3n<\/strong> <a href=\"https:\/\/cafeboutiquesoledadhernandez.com\/es\/contact\/\">Caf\u00e9 Boutique Soledad Hernandez<\/a> &#8211; 25 av Juarez y prima<br \/>\ud83c\udfb6 <strong>Entretenimiento por:<\/strong> Argelia Chac\u00f3n D\u00edaz<br \/>\ud83d\udd16 <strong>Se requieren reservaciones<\/strong><\/p><p><strong>MEN\u00da AMOR Y AMISTAD<\/strong><\/p><p><strong>C\u00f3ctel de Bienvenida<\/strong><br \/>Frutos Rojos y Vino Espumoso<\/p><p><strong>Aperitivo<\/strong><br \/>Cesta de Jam\u00f3n Serrano<\/p><p><strong>Sopa<\/strong><br \/>Sopa Cremosa De Ma\u00edz<\/p><p><strong>Main Course \u2013 Choose One<\/strong><\/p><ul><li>Pechuga De Pollo Rellena De Espinacas Y Queso Con Salsa De Ar\u00e1ndanos \u2013 $59USD<\/li><li>Espaguetis a la bolo\u00f1esa \u2013 $59USD<\/li><li>Pastel de carne con pur\u00e9 de papas y jud\u00edas verdes \u2013 $59 USD<\/li><li>Filet Mignon con Esencia de Rosas y Vino Tinto \u2013 $69USD<\/li><\/ul><p><strong>Postre<\/strong><\/p><ul><li>Helado Artesanal (Bola de Queso, Coco o Salsa de Vino Tinto y Frutos Rojos)<\/li><\/ul><p>Haga de este D\u00eda de San Valent\u00edn un d\u00eda inolvidable con una velada de sabores gourmet, momentos sinceros y m\u00fasica encantadora.<\/p><p>\ud83c\udf39 <strong>\u00a1Reserva tu mesa hoy!<\/strong> \ud83c\udf39<\/p><p>Tel\u00e9fono\/WhatsApp: +52 987 113 5642<\/p>    <\/div>\n<\/div>\t\t\t\t<\/div>\n\t\t\t\t<\/div>\n\t\t                    <\/div>\r\n        <\/div>\r\n        \t\t\t<\/div>\n\t\t<\/section>\n\t\t        <section class=\"elementor-section elementor-top-section elementor-element elementor-element-bde76fc elementor-section-boxed elementor-section-height-default elementor-section-height-default pxl-section-static-pos-no pxl-section-overflow-hidden-no\" data-id=\"bde76fc\" data-element_type=\"section\" data-e-type=\"section\">\n\n                \n                <div class=\"elementor-container elementor-column-gap-default\">\n                <div class=\"elementor-column elementor-col-100 elementor-top-column elementor-element elementor-element-5e98b40 pxl-column-element-default pxl-column-fullwidth-no\" data-id=\"5e98b40\" data-element_type=\"column\" data-e-type=\"column\">\r\n        <div class=\"elementor-widget-wrap elementor-element-populated\">\r\n                    \t\t<div class=\"elementor-element elementor-element-0127555 elementor-widget elementor-widget-image\" data-id=\"0127555\" data-element_type=\"widget\" data-e-type=\"widget\" data-widget_type=\"image.default\">\n\t\t\t\t<div class=\"elementor-widget-container\">\n\t\t\t\t\t\t\t\t\t\t\t\t\t\t\t\t<a href=\"https:\/\/cafeboutiquesoledadhernandez.com\/wp-content\/uploads\/2025\/02\/cbsh-valentines-day-special-dinner-02.webp\" data-elementor-open-lightbox=\"yes\" data-elementor-lightbox-title=\"cbsh-valentines-day-special-dinner-02\" data-e-action-hash=\"#elementor-action%3Aaction%3Dlightbox%26settings%3DeyJpZCI6NzYwOSwidXJsIjoiaHR0cHM6XC9cL2NhZmVib3V0aXF1ZXNvbGVkYWRoZXJuYW5kZXouY29tXC93cC1jb250ZW50XC91cGxvYWRzXC8yMDI1XC8wMlwvY2JzaC12YWxlbnRpbmVzLWRheS1zcGVjaWFsLWRpbm5lci0wMi53ZWJwIn0%3D\">\n\t\t\t\t\t\t\t<img decoding=\"async\" width=\"599\" height=\"1024\" src=\"https:\/\/cafeboutiquesoledadhernandez.com\/wp-content\/uploads\/2025\/02\/cbsh-valentines-day-special-dinner-02-599x1024.webp\" class=\"attachment-large size-large wp-image-7609\" alt=\"\" srcset=\"https:\/\/cafeboutiquesoledadhernandez.com\/wp-content\/uploads\/2025\/02\/cbsh-valentines-day-special-dinner-02-599x1024.webp 599w, https:\/\/cafeboutiquesoledadhernandez.com\/wp-content\/uploads\/2025\/02\/cbsh-valentines-day-special-dinner-02-175x300.webp 175w, https:\/\/cafeboutiquesoledadhernandez.com\/wp-content\/uploads\/2025\/02\/cbsh-valentines-day-special-dinner-02-7x12.webp 7w, https:\/\/cafeboutiquesoledadhernandez.com\/wp-content\/uploads\/2025\/02\/cbsh-valentines-day-special-dinner-02-327x560.webp 327w, https:\/\/cafeboutiquesoledadhernandez.com\/wp-content\/uploads\/2025\/02\/cbsh-valentines-day-special-dinner-02.webp 600w\" sizes=\"(max-width: 599px) 100vw, 599px\" \/>\t\t\t\t\t\t\t\t<\/a>\n\t\t\t\t\t\t\t\t\t\t\t\t\t\t\t<\/div>\n\t\t\t\t<\/div>\n\t\t                    <\/div>\r\n        <\/div>\r\n        \t\t\t<\/div>\n\t\t<\/section>\n\t\t\t\t<\/div>","protected":false},"excerpt":{"rendered":"<p>Cena Romantica &#8211; An Evening of Love and Friendship Join us for an unforgettable Valentine\u2019s Day Dinner at Caf\u00e9 Boutique Soledad Hernandez! Celebrate love and friendship with an elegant evening of exquisite cuisine, live entertainment, and a warm, romantic ambiance. \ud83d\udcc5 Date: Friday, February 14th\u23f0 Time: 8:00 PM\ud83d\udccd Location: Caf\u00e9 Boutique Soledad Hernandez &#8211; 25 [&hellip;]<\/p>\n","protected":false},"author":1,"featured_media":0,"parent":0,"menu_order":0,"comment_status":"closed","ping_status":"closed","template":"","meta":{"footnotes":""},"class_list":["post-7616","page","type-page","status-publish","hentry"],"_links":{"self":[{"href":"https:\/\/cafeboutiquesoledadhernandez.com\/es\/wp-json\/wp\/v2\/pages\/7616","targetHints":{"allow":["GET"]}}],"collection":[{"href":"https:\/\/cafeboutiquesoledadhernandez.com\/es\/wp-json\/wp\/v2\/pages"}],"about":[{"href":"https:\/\/cafeboutiquesoledadhernandez.com\/es\/wp-json\/wp\/v2\/types\/page"}],"author":[{"embeddable":true,"href":"https:\/\/cafeboutiquesoledadhernandez.com\/es\/wp-json\/wp\/v2\/users\/1"}],"replies":[{"embeddable":true,"href":"https:\/\/cafeboutiquesoledadhernandez.com\/es\/wp-json\/wp\/v2\/comments?post=7616"}],"version-history":[{"count":4,"href":"https:\/\/cafeboutiquesoledadhernandez.com\/es\/wp-json\/wp\/v2\/pages\/7616\/revisions"}],"predecessor-version":[{"id":7620,"href":"https:\/\/cafeboutiquesoledadhernandez.com\/es\/wp-json\/wp\/v2\/pages\/7616\/revisions\/7620"}],"wp:attachment":[{"href":"https:\/\/cafeboutiquesoledadhernandez.com\/es\/wp-json\/wp\/v2\/media?parent=7616"}],"curies":[{"name":"wp","href":"https:\/\/api.w.org\/{rel}","templated":true}]}}